{"id":3342,"date":"2022-04-06T16:01:37","date_gmt":"2022-04-06T15:01:37","guid":{"rendered":"https:\/\/ugochan.com\/whos-responsible-for-my-data\/"},"modified":"2023-10-24T10:26:18","modified_gmt":"2023-10-24T09:26:18","slug":"whos-responsible-for-my-data","status":"publish","type":"page","link":"https:\/\/ugochan.com\/en\/whos-responsible-for-my-data\/","title":{"rendered":"Who\u2019s responsible for my data?"},"content":{"rendered":"\t\t<div data-elementor-type=\"wp-page\" data-elementor-id=\"3342\" class=\"elementor elementor-3342 elementor-2589\" data-elementor-post-type=\"page\">\n\t\t\t\t\t\t<section class=\"elementor-section elementor-top-section elementor-element elementor-element-2010b57 elementor-section-boxed elementor-section-height-default elementor-section-height-default\" data-id=\"2010b57\" data-element_type=\"section\" data-e-type=\"section\">\n\t\t\t\t\t\t<div class=\"elementor-container elementor-column-gap-default\">\n\t\t\t\t\t<div class=\"elementor-column elementor-col-100 elementor-top-column elementor-element elementor-element-3c54822\" data-id=\"3c54822\" data-element_type=\"column\" data-e-type=\"column\">\n\t\t\t<div class=\"elementor-widget-wrap elementor-element-populated\">\n\t\t\t\t\t\t<div class=\"elementor-element elementor-element-0cc08ac elementor-widget elementor-widget-heading\" data-id=\"0cc08ac\" data-element_type=\"widget\" data-e-type=\"widget\" data-widget_type=\"heading.default\">\n\t\t\t\t<div class=\"elementor-widget-container\">\n\t\t\t\t\t<h2 class=\"elementor-heading-title elementor-size-default\">Who\u2019s responsible for my data?<\/h2>\t\t\t\t<\/div>\n\t\t\t\t<\/div>\n\t\t\t\t<div class=\"elementor-element elementor-element-8a90bda elementor-widget elementor-widget-text-editor\" data-id=\"8a90bda\" data-element_type=\"widget\" data-e-type=\"widget\" data-widget_type=\"text-editor.default\">\n\t\t\t\t<div class=\"elementor-widget-container\">\n\t\t\t\t\t\t\t\t\t<p><strong>Cl\u00e1usula. &#8211; Protecci\u00f3n de datos de firmantes.<\/strong><\/p>\n<p><strong>Responsable del tratamiento:<\/strong> El responsable del tratamiento de los datos personales recogidos en este contrato en relaci\u00f3n con los representantes legales e interlocutores de las partes (en adelante interesados) y aquellos que se generen como consecuencia de su ejecuci\u00f3n es UGOKUN, S.L. con domicilio en CL JUAN HURTADO DE MENDOZA, 13 , MADRID, MADRID, 28036 y con CIF B04931861 y correo electr\u00f3nico INFO@ugochan.com.<\/p>\n<p><strong>Fines del tratamiento:<\/strong> La finalidd del tratamiento de sus datos es la siguiente:<\/p>\n<p>Llevar a cabo el tratamiento de la informaci\u00f3n personal de los candidatos con la finalidad de analizar el perfil del candidato para determinar si encaja o no en el puesto vacante.<\/p>\n<p>Igualmente, se informa al interesado de que podemos obtener datos publicado por los interesados en determinadas redes sociales, tales como LinkedIn, InfoJobs o InfoEmpleo para conocer m\u00e1s detalles de la experiencia laboral o profesional de los mismos.<\/p>\n<p><strong>Base jur\u00eddica del tratamiento:<\/strong> Con car\u00e1cter general, la legitimaci\u00f3n para el tratamiento de los datos de car\u00e1cter personal se desprende de la propia iniciativa del interesado al enviar su CV, por lo que la Compa\u00f1\u00eda dispone del consentimiento inequ\u00edvoco del mismo para el tratamiento. Se entiende que el interesado otorga a la Compa\u00f1\u00eda el consentimiento para tratar los datos que contiene su CV, por el mero hecho de enviar intencionadamente el CV. Igualmente, sus datos ser\u00e1n tratados en el \u00e1mbito del inter\u00e9s leg\u00edtimo del Responsable, por cuanto en necesario para llevar a cabo el proceso de selecci\u00f3n de personal al que Ud. opta.<\/p>\n<p><strong>Fuente de Obtenci\u00f3n de los datos:<\/strong> La fuente de obtenci\u00f3n es el propio interesado, y en el caso de que est\u00e9n disponibles, redes sociales tales como Linkedin o Infojobs.<\/p>\n<p><strong>Destinatarios de los datos:<\/strong> Los datos personales ser\u00e1n comunicados a los siguientes terceros (i) Jueces y Tribunales, en cumplimiento de requerimientos, obligaciones legales o en el marco de un procedimiento judicial; (ii) y a cualesquiera otros terceros a quienes, en virtud de la normativa vigente aplicable en cada caso, sea necesario llevar a cabo la cesi\u00f3n, tal como \u00f3rganos de la Administraci\u00f3n competentes por motivos de control, registro e inspecci\u00f3n.<\/p>\n<p><strong>Transferencias internacionales:<\/strong> No existen transferencias internacionales de datos.<\/p>\n<p><strong>Plazo de conservaci\u00f3n de datos:<\/strong> Los datos ser\u00e1n objeto de tratamiento por el periodo que dure el proceso de selecci\u00f3n, pudi\u00e9ndose almacenar su informaci\u00f3n personal con posterioridad, aunque no haya sido seleccionado, hasta que Ud. revoque su consentimiento, por lo que sus datos se conservar\u00e1n para futuros procesos de selecci\u00f3n de personal, en todo caso durante el plazo m\u00e1ximo de 1 a\u00f1o desde la participaci\u00f3n en el proceso de selecci\u00f3n.<\/p>\n<p><strong>Derechos<\/strong>: Las personas interesadas tienen derecho a dirigirse a la direcci\u00f3n que se indica en el apartado Responsable del tratamiento, acompa\u00f1ando en cualquier caso copia del documento que acredite su identidad, para acceder a sus datos personales, as\u00ed como solicitar la rectificaci\u00f3n de los datos inexactos o, en su caso, solicitar su supresi\u00f3n cuando, entre otros motivos, los datos ya no sean necesarios para los fines que fueron recogidos; pudiendo ejercer igualmente su derecho a la portabilidad de sus datos.<\/p>\n<p>Los derechos que podr\u00e1 ejercitar con respecto al tratamiento de sus datos personales son:<\/p>\n<ol>\n<li>Acceso: tendr\u00e1 Ud. derecho a conocer si estamos tratando sus datos personales, as\u00ed como los fines de dicho tratamiento, las categor\u00edas de datos personales, los destinatarios a los que se comuniquen sus datos, el plazo de conservaci\u00f3n de los mismos, as\u00ed como la informaci\u00f3n disponible sobre la fuente de obtenci\u00f3n de los mismos.<\/li>\n<li>Rectificaci\u00f3n: de los datos inexactos.<\/li>\n<li>Supresi\u00f3n (derecho al olvido): cuando, entre otros motivos, los datos ya no sean necesarios para los fines que fueron recogidos.<\/li>\n<li>Limitaci\u00f3n: cuando se impugne la exactitud de los datos, durante el plazo de verificaci\u00f3n de los mismos, cuando sean necesarios para el ejercicio o defensa de reclamaciones; o cuando se oponga el interesado a la supresi\u00f3n de los mismos, o al tratamiento de estos, mientras se verifica la existencia de inter\u00e9s leg\u00edtimo.<\/li>\n<li>Portabilidad de sus datos: tendr\u00e1 derecho a recibir sus datos en un formato estructurado, de uso com\u00fan y lectura mec\u00e1nica, y a transmitir los mismos a otro responsable.<\/li>\n<li>Oposici\u00f3n: tendr\u00e1 derecho a oponerse en cualquier momento, por motivos relacionados con su situaci\u00f3n particular, al tratamiento de sus datos con base en un inter\u00e9s p\u00fablico o leg\u00edtimo del responsable; tras lo que dejar\u00e1n de tratarse los datos, salvo por motivos leg\u00edtimos imperiosos, o el ejercicio o la defensa de posibles reclamaciones.<\/li>\n<li>Decisiones individuales automatizadas: tendr\u00e1 derecho a no ser objeto de una decisi\u00f3n basada \u00fanicamente en el tratamiento automatizado, incluida la elaboraci\u00f3n de perfiles, pudiendo solicitar intervenci\u00f3n humana en los casos legalmente previstos.\n<p>Finalmente, de acuerdo con los t\u00e9rminos establecidos en la legislaci\u00f3n vigente, puede Ud. revocar en cualquier momento los consentimientos que nos haya facilitado. Adem\u00e1s, si considera que sus datos no han sido tratados conforme a la normativa vigente, puede presentar una denuncia ante la Agencia Espa\u00f1ola de Protecci\u00f3n de Datos, a trav\u00e9s de: https:\/\/sedeagpd.gob.es\/sede-electronica web\/vistas\/formSpam\/spamDenuncia.jsf<\/li>\n<\/ol>\n\t\t\t\t\t\t\t\t<\/div>\n\t\t\t\t<\/div>\n\t\t\t\t\t<\/div>\n\t\t<\/div>\n\t\t\t\t\t<\/div>\n\t\t<\/section>\n\t\t\t\t<\/div>\n\t\t","protected":false},"excerpt":{"rendered":"<p>Cl\u00e1usula. &#8211; Protecci\u00f3n de datos de firmantes. Responsable del tratamiento: El responsable del tratamiento de los datos personales recogidos en este contrato en relaci\u00f3n con los representantes legales e interlocutores de las partes (en adelante interesados) y aquellos que se generen como consecuencia de su ejecuci\u00f3n es UGOKUN, S.L. con domicilio en CL JUAN HURTADO &#8230; <a title=\"Who\u2019s responsible for my data?\" class=\"read-more\" href=\"https:\/\/ugochan.com\/en\/whos-responsible-for-my-data\/\" aria-label=\"Read more about Who\u2019s responsible for my data?\">Read more<\/a><\/p>\n","protected":false},"author":1,"featured_media":0,"parent":0,"menu_order":0,"comment_status":"closed","ping_status":"closed","template":"elementor_header_footer","meta":{"footnotes":""},"class_list":["post-3342","page","type-page","status-publish"],"yoast_head":"<!-- This site is optimized with the Yoast SEO plugin v27.3 - https:\/\/yoast.com\/product\/yoast-seo-wordpress\/ -->\n<title>Who\u2019s responsible for my data? - Ugo Chan<\/title>\n<meta name=\"robots\" content=\"noindex, follow\" \/>\n<meta property=\"og:locale\" content=\"en_US\" \/>\n<meta property=\"og:type\" content=\"article\" \/>\n<meta property=\"og:title\" content=\"Who\u2019s responsible for my data? - Ugo Chan\" \/>\n<meta property=\"og:description\" content=\"Cl\u00e1usula. &#8211; Protecci\u00f3n de datos de firmantes. Responsable del tratamiento: El responsable del tratamiento de los datos personales recogidos en este contrato en relaci\u00f3n con los representantes legales e interlocutores de las partes (en adelante interesados) y aquellos que se generen como consecuencia de su ejecuci\u00f3n es UGOKUN, S.L. con domicilio en CL JUAN HURTADO ... Read more\" \/>\n<meta property=\"og:url\" content=\"https:\/\/ugochan.com\/en\/whos-responsible-for-my-data\/\" \/>\n<meta property=\"og:site_name\" content=\"Ugo Chan\" \/>\n<meta property=\"article:publisher\" content=\"https:\/\/www.facebook.com\/ugochanmadrid\/\" \/>\n<meta property=\"article:modified_time\" content=\"2023-10-24T09:26:18+00:00\" \/>\n<meta property=\"og:image\" content=\"https:\/\/ugochan.com\/wp-content\/uploads\/page-0001.jpg\" \/>\n\t<meta property=\"og:image:width\" content=\"1800\" \/>\n\t<meta property=\"og:image:height\" content=\"1013\" \/>\n\t<meta property=\"og:image:type\" content=\"image\/jpeg\" \/>\n<meta name=\"twitter:card\" content=\"summary_large_image\" \/>\n<meta name=\"twitter:site\" content=\"@ugochanmadrid\" \/>\n<meta name=\"twitter:label1\" content=\"Est. reading time\" \/>\n\t<meta name=\"twitter:data1\" content=\"4 minutes\" \/>\n<script type=\"application\/ld+json\" class=\"yoast-schema-graph\">{\"@context\":\"https:\\\/\\\/schema.org\",\"@graph\":[{\"@type\":\"WebPage\",\"@id\":\"https:\\\/\\\/ugochan.com\\\/en\\\/whos-responsible-for-my-data\\\/\",\"url\":\"https:\\\/\\\/ugochan.com\\\/en\\\/whos-responsible-for-my-data\\\/\",\"name\":\"Who\u2019s responsible for my data? - Ugo Chan\",\"isPartOf\":{\"@id\":\"https:\\\/\\\/ugochan.com\\\/en\\\/#website\"},\"datePublished\":\"2022-04-06T15:01:37+00:00\",\"dateModified\":\"2023-10-24T09:26:18+00:00\",\"breadcrumb\":{\"@id\":\"https:\\\/\\\/ugochan.com\\\/en\\\/whos-responsible-for-my-data\\\/#breadcrumb\"},\"inLanguage\":\"en-US\",\"potentialAction\":[{\"@type\":\"ReadAction\",\"target\":[\"https:\\\/\\\/ugochan.com\\\/en\\\/whos-responsible-for-my-data\\\/\"]}]},{\"@type\":\"BreadcrumbList\",\"@id\":\"https:\\\/\\\/ugochan.com\\\/en\\\/whos-responsible-for-my-data\\\/#breadcrumb\",\"itemListElement\":[{\"@type\":\"ListItem\",\"position\":1,\"name\":\"Portada\",\"item\":\"https:\\\/\\\/ugochan.com\\\/en\\\/\"},{\"@type\":\"ListItem\",\"position\":2,\"name\":\"Who\u2019s responsible for my data?\"}]},{\"@type\":\"WebSite\",\"@id\":\"https:\\\/\\\/ugochan.com\\\/en\\\/#website\",\"url\":\"https:\\\/\\\/ugochan.com\\\/en\\\/\",\"name\":\"Ugo Chan\",\"description\":\"Valoramos lo ef\u00edmero, disfrutamos del camino\",\"publisher\":{\"@id\":\"https:\\\/\\\/ugochan.com\\\/en\\\/#organization\"},\"alternateName\":\"Restaurante Ugo Chan\",\"potentialAction\":[{\"@type\":\"SearchAction\",\"target\":{\"@type\":\"EntryPoint\",\"urlTemplate\":\"https:\\\/\\\/ugochan.com\\\/en\\\/?s={search_term_string}\"},\"query-input\":{\"@type\":\"PropertyValueSpecification\",\"valueRequired\":true,\"valueName\":\"search_term_string\"}}],\"inLanguage\":\"en-US\"},{\"@type\":\"Organization\",\"@id\":\"https:\\\/\\\/ugochan.com\\\/en\\\/#organization\",\"name\":\"Restaurante Ugo Chan\",\"url\":\"https:\\\/\\\/ugochan.com\\\/en\\\/\",\"logo\":{\"@type\":\"ImageObject\",\"inLanguage\":\"en-US\",\"@id\":\"https:\\\/\\\/ugochan.com\\\/en\\\/#\\\/schema\\\/logo\\\/image\\\/\",\"url\":\"https:\\\/\\\/ugochan.com\\\/wp-content\\\/uploads\\\/cropped-ugo-ico.png\",\"contentUrl\":\"https:\\\/\\\/ugochan.com\\\/wp-content\\\/uploads\\\/cropped-ugo-ico.png\",\"width\":512,\"height\":512,\"caption\":\"Restaurante Ugo Chan\"},\"image\":{\"@id\":\"https:\\\/\\\/ugochan.com\\\/en\\\/#\\\/schema\\\/logo\\\/image\\\/\"},\"sameAs\":[\"https:\\\/\\\/www.facebook.com\\\/ugochanmadrid\\\/\",\"https:\\\/\\\/x.com\\\/ugochanmadrid\",\"https:\\\/\\\/www.instagram.com\\\/ugo.chan\\\/\"]}]}<\/script>\n<!-- \/ Yoast SEO plugin. -->","yoast_head_json":{"title":"Who\u2019s responsible for my data? - Ugo Chan","robots":{"index":"noindex","follow":"follow"},"og_locale":"en_US","og_type":"article","og_title":"Who\u2019s responsible for my data? - Ugo Chan","og_description":"Cl\u00e1usula. &#8211; Protecci\u00f3n de datos de firmantes. Responsable del tratamiento: El responsable del tratamiento de los datos personales recogidos en este contrato en relaci\u00f3n con los representantes legales e interlocutores de las partes (en adelante interesados) y aquellos que se generen como consecuencia de su ejecuci\u00f3n es UGOKUN, S.L. con domicilio en CL JUAN HURTADO ... Read more","og_url":"https:\/\/ugochan.com\/en\/whos-responsible-for-my-data\/","og_site_name":"Ugo Chan","article_publisher":"https:\/\/www.facebook.com\/ugochanmadrid\/","article_modified_time":"2023-10-24T09:26:18+00:00","og_image":[{"width":1800,"height":1013,"url":"https:\/\/ugochan.com\/wp-content\/uploads\/page-0001.jpg","type":"image\/jpeg"}],"twitter_card":"summary_large_image","twitter_site":"@ugochanmadrid","twitter_misc":{"Est. reading time":"4 minutes"},"schema":{"@context":"https:\/\/schema.org","@graph":[{"@type":"WebPage","@id":"https:\/\/ugochan.com\/en\/whos-responsible-for-my-data\/","url":"https:\/\/ugochan.com\/en\/whos-responsible-for-my-data\/","name":"Who\u2019s responsible for my data? - Ugo Chan","isPartOf":{"@id":"https:\/\/ugochan.com\/en\/#website"},"datePublished":"2022-04-06T15:01:37+00:00","dateModified":"2023-10-24T09:26:18+00:00","breadcrumb":{"@id":"https:\/\/ugochan.com\/en\/whos-responsible-for-my-data\/#breadcrumb"},"inLanguage":"en-US","potentialAction":[{"@type":"ReadAction","target":["https:\/\/ugochan.com\/en\/whos-responsible-for-my-data\/"]}]},{"@type":"BreadcrumbList","@id":"https:\/\/ugochan.com\/en\/whos-responsible-for-my-data\/#breadcrumb","itemListElement":[{"@type":"ListItem","position":1,"name":"Portada","item":"https:\/\/ugochan.com\/en\/"},{"@type":"ListItem","position":2,"name":"Who\u2019s responsible for my data?"}]},{"@type":"WebSite","@id":"https:\/\/ugochan.com\/en\/#website","url":"https:\/\/ugochan.com\/en\/","name":"Ugo Chan","description":"Valoramos lo ef\u00edmero, disfrutamos del camino","publisher":{"@id":"https:\/\/ugochan.com\/en\/#organization"},"alternateName":"Restaurante Ugo Chan","potentialAction":[{"@type":"SearchAction","target":{"@type":"EntryPoint","urlTemplate":"https:\/\/ugochan.com\/en\/?s={search_term_string}"},"query-input":{"@type":"PropertyValueSpecification","valueRequired":true,"valueName":"search_term_string"}}],"inLanguage":"en-US"},{"@type":"Organization","@id":"https:\/\/ugochan.com\/en\/#organization","name":"Restaurante Ugo Chan","url":"https:\/\/ugochan.com\/en\/","logo":{"@type":"ImageObject","inLanguage":"en-US","@id":"https:\/\/ugochan.com\/en\/#\/schema\/logo\/image\/","url":"https:\/\/ugochan.com\/wp-content\/uploads\/cropped-ugo-ico.png","contentUrl":"https:\/\/ugochan.com\/wp-content\/uploads\/cropped-ugo-ico.png","width":512,"height":512,"caption":"Restaurante Ugo Chan"},"image":{"@id":"https:\/\/ugochan.com\/en\/#\/schema\/logo\/image\/"},"sameAs":["https:\/\/www.facebook.com\/ugochanmadrid\/","https:\/\/x.com\/ugochanmadrid","https:\/\/www.instagram.com\/ugo.chan\/"]}]}},"_links":{"self":[{"href":"https:\/\/ugochan.com\/en\/wp-json\/wp\/v2\/pages\/3342","targetHints":{"allow":["GET"]}}],"collection":[{"href":"https:\/\/ugochan.com\/en\/wp-json\/wp\/v2\/pages"}],"about":[{"href":"https:\/\/ugochan.com\/en\/wp-json\/wp\/v2\/types\/page"}],"author":[{"embeddable":true,"href":"https:\/\/ugochan.com\/en\/wp-json\/wp\/v2\/users\/1"}],"replies":[{"embeddable":true,"href":"https:\/\/ugochan.com\/en\/wp-json\/wp\/v2\/comments?post=3342"}],"version-history":[{"count":15,"href":"https:\/\/ugochan.com\/en\/wp-json\/wp\/v2\/pages\/3342\/revisions"}],"predecessor-version":[{"id":7002,"href":"https:\/\/ugochan.com\/en\/wp-json\/wp\/v2\/pages\/3342\/revisions\/7002"}],"wp:attachment":[{"href":"https:\/\/ugochan.com\/en\/wp-json\/wp\/v2\/media?parent=3342"}],"curies":[{"name":"wp","href":"https:\/\/api.w.org\/{rel}","templated":true}]}}