{"id":3330,"date":"2022-04-06T15:57:32","date_gmt":"2022-04-06T14:57:32","guid":{"rendered":"https:\/\/ugochan.com\/privacy-policy\/"},"modified":"2023-02-16T13:31:07","modified_gmt":"2023-02-16T12:31:07","slug":"privacy-policy","status":"publish","type":"page","link":"https:\/\/ugochan.com\/en\/privacy-policy\/","title":{"rendered":"Privacy Policy"},"content":{"rendered":"\t\t<div data-elementor-type=\"wp-page\" data-elementor-id=\"3330\" class=\"elementor elementor-3330 elementor-3\" data-elementor-post-type=\"page\">\n\t\t\t\t\t\t<section class=\"elementor-section elementor-top-section elementor-element elementor-element-32416b7 elementor-section-boxed elementor-section-height-default elementor-section-height-default\" data-id=\"32416b7\" data-element_type=\"section\" data-e-type=\"section\">\n\t\t\t\t\t\t<div class=\"elementor-container elementor-column-gap-default\">\n\t\t\t\t\t<div class=\"elementor-column elementor-col-100 elementor-top-column elementor-element elementor-element-63388e5\" data-id=\"63388e5\" data-element_type=\"column\" data-e-type=\"column\">\n\t\t\t<div class=\"elementor-widget-wrap elementor-element-populated\">\n\t\t\t\t\t\t<div class=\"elementor-element elementor-element-223d5b5 elementor-widget elementor-widget-heading\" data-id=\"223d5b5\" data-element_type=\"widget\" data-e-type=\"widget\" data-widget_type=\"heading.default\">\n\t\t\t\t<div class=\"elementor-widget-container\">\n\t\t\t\t\t<h2 class=\"elementor-heading-title elementor-size-default\"><a href=\"https:\/\/ugochan.com\/en\/\">POL\u00cdTICA DE USO DE COOKIES<\/a><\/h2>\t\t\t\t<\/div>\n\t\t\t\t<\/div>\n\t\t\t\t<div class=\"elementor-element elementor-element-53dbde2 elementor-widget elementor-widget-heading\" data-id=\"53dbde2\" data-element_type=\"widget\" data-e-type=\"widget\" data-widget_type=\"heading.default\">\n\t\t\t\t<div class=\"elementor-widget-container\">\n\t\t\t\t\t<h2 class=\"elementor-heading-title elementor-size-default\">PRIVACY POLICY<\/h2>\t\t\t\t<\/div>\n\t\t\t\t<\/div>\n\t\t\t\t<div class=\"elementor-element elementor-element-6645e4c7 elementor-widget elementor-widget-text-editor\" data-id=\"6645e4c7\" data-element_type=\"widget\" data-e-type=\"widget\" data-widget_type=\"text-editor.default\">\n\t\t\t\t<div class=\"elementor-widget-container\">\n\t\t\t\t\t\t\t\t\t<p><span style=\"font-weight: 400;\">Su privacidad es muy importante para nosotros, por lo que nos esforzamos por cumplir de manera diligente toda la normativa sobre Protecci\u00f3n de Datos de Car\u00e1cter Personal. Esta Pol\u00edtica de Privacidad le servir\u00e1 para conocer c\u00f3mo y con qu\u00e9 fines tratamos o cedemos su informaci\u00f3n, as\u00ed como por cuanto tiempo; y los derechos que le asisten con respecto a la misma.<\/span><\/p>\n<h4><b>\u00bfQui\u00e9n es el responsable del tratamiento de sus datos?<\/b><\/h4>\n<ul>\n<li style=\"list-style-type: none;\">\n<ul>\n<li style=\"font-weight: 400;\" aria-level=\"1\"><span style=\"font-weight: 400;\">Denominaci\u00f3n social: UGOKUN, S.L.<\/span><\/li>\n<li style=\"font-weight: 400;\" aria-level=\"1\"><span style=\"font-weight: 400;\">Domicilio social: CL JUAN HURTADO DE MENDOZA, 13 <\/span><\/li>\n<li style=\"font-weight: 400;\" aria-level=\"1\"><span style=\"font-weight: 400;\">N.I.F. B04931861<\/span><\/li>\n<li style=\"font-weight: 400;\" aria-level=\"1\"><span style=\"font-weight: 400;\">Informaci\u00f3n Mercantil: Registro Mercantil de Madrid Tomo 41614, folio 55, Inscripci\u00f3n 1\u00aa con Hoja M-737266<\/span><\/li>\n<li style=\"font-weight: 400;\" aria-level=\"1\"><span style=\"font-weight: 400;\">Tel\u00e9fono: 913506578 <\/span><\/li>\n<li style=\"font-weight: 400;\" aria-level=\"1\"><span style=\"font-weight: 400;\">Correo electr\u00f3nico: INFO@ugochan.com<\/span><\/li>\n<\/ul>\n<\/li>\n<\/ul>\n<h4><b>\u00bfCon que\u0301 finalidad tratamos sus datos personales?<\/b><\/h4>\n<p><span style=\"font-weight: 400;\">En caso de que se nos haya facilitado los datos para que contactemos con el usuario<\/span><span style=\"font-weight: 400;\"><br \/><\/span><span style=\"font-weight: 400;\"><br \/><\/span><span style=\"font-weight: 400;\">Utilizaremos los datos para ponernos en contacto con el usuario para atender sus solicitudes y o peticiones de informaci\u00f3n, la gesti\u00f3n de las comunicaciones para poder contactarle e incluirle en la agenda de contactos.<\/span><span style=\"font-weight: 400;\"><br \/><\/span><span style=\"font-weight: 400;\"><br \/><\/span><span style=\"font-weight: 400;\">En caso de que sea usuario del web registrado.<\/span><span style=\"font-weight: 400;\"><br \/><\/span><span style=\"font-weight: 400;\"><br \/><\/span><span style=\"font-weight: 400;\">Tratamos los datos con la finalidad de mantener, desarrollar y controlar el uso de nuestra web y\/o los productos\/servicios contratados.<\/span><span style=\"font-weight: 400;\"><br \/><\/span><span style=\"font-weight: 400;\"><br \/><\/span><span style=\"font-weight: 400;\">Dentro de este tratamiento de datos pueden incluirse datos relativos a la navegaci\u00f3n en nuestra web cuando act\u00faa como usuario o como usuario registrado, debido a que el uso de esta informaci\u00f3n es necesario para poder darle un servicio de soporte adecuado, as\u00ed como para gestionar posibles incidencias en nuestra p\u00e1gina web lo que incluye la atenci\u00f3n a sus consultas o solicitudes de informaci\u00f3n o documentaci\u00f3n cuando act\u00faa usted como usuario registrado. <\/span><span style=\"font-weight: 400;\"><br \/><\/span><span style=\"font-weight: 400;\"><br \/><\/span><span style=\"font-weight: 400;\">En caso de que visite nuestras cuentas en Redes Sociales<\/span><span style=\"font-weight: 400;\"><br \/><\/span><span style=\"font-weight: 400;\"><br \/><\/span><span style=\"font-weight: 400;\">Podemos tener presencia en diferentes redes sociales, en las que los usuarios pueden interactuar con las cuentas y p\u00e1ginas oficiales de la misma, en cuyo caso podr\u00edan tratarse sus datos, con la finalidad de administrar su presencia en dichas redes sociales, y el correcto desarrollo de las relaciones con los mismos; todo ello con fines de informaci\u00f3n, promoci\u00f3n de productos y servicios, y divulgaci\u00f3n de la plataforma y sus servicios. Adem\u00e1s, se incluir\u00e1 en lo anterior, cualquier finalidad permitida por las respectivas redes sociales en cada momento, de conformidad con sus condiciones de uso.<\/span><span style=\"font-weight: 400;\"><br \/><\/span><span style=\"font-weight: 400;\"><br \/><\/span><span style=\"font-weight: 400;\">El tratamiento de los datos de usuarios en redes sociales se realizar\u00e1 en r\u00e9gimen de corresponsabilidad con cada una de ellas, seg\u00fan corresponda, de acuerdo con lo dispuesto por la jurisprudencia del Tribunal de Justicia de la Uni\u00f3n Europea. Este tratamiento se realizar\u00e1 conforme a la presente pol\u00edtica, y al resto de condiciones establecidas para el acceso a la web, as\u00ed como de conformidad con las pol\u00edticas de privacidad y normativa de acceso de la red social que proceda, las cuales se aceptan de manera previa por el usuario para su utilizaci\u00f3n. En ning\u00fan caso utilizaremos los perfiles de seguidores en redes sociales para enviar publicidad de manera individual, a menos que sea consentido expresamente por el usuario.<\/span><span style=\"font-weight: 400;\"><br \/><\/span><span style=\"font-weight: 400;\"><br \/><\/span><span style=\"font-weight: 400;\">Env\u00edo de comunicaciones comerciales. <\/span><span style=\"font-weight: 400;\"><br \/><\/span><span style=\"font-weight: 400;\"><br \/><\/span><span style=\"font-weight: 400;\">Podremos enviarle comunicaciones comerciales sobre nuestros productos y\/o servicios siempre que contemos con su consentimiento espec\u00edfico, el cual podr\u00e1 ser revocado en cualquier momento. <\/span><\/p>\n<h4><b>\u00bfPor cu\u00e1nto tiempo conservaremos sus datos?<\/b><\/h4>\n<p><span style=\"font-weight: 400;\">Los datos se conservar\u00e1n de la siguiente manera:<\/span><span style=\"font-weight: 400;\"><br \/><\/span><span style=\"font-weight: 400;\"><br \/><\/span><span style=\"font-weight: 400;\">&#8211;<\/span> <span style=\"font-weight: 400;\">Informaci\u00f3n para contestar a su solicitud de informaci\u00f3n. <\/span> <span style=\"font-weight: 400;\"><br \/><\/span><span style=\"font-weight: 400;\"><br \/><\/span><span style=\"font-weight: 400;\">Los datos personales que Ud. nos env\u00eda al rellenar el formulario de solicitud se conservar\u00e1n con el objeto de ponernos en contacto con usted para contestar a dicha solicitud de puesta en contacto y, una vez dada por finalizada dicha solicitud, ser\u00e1n eliminados.<\/span><span style=\"font-weight: 400;\"><br \/><\/span><span style=\"font-weight: 400;\"><br \/><\/span><span style=\"font-weight: 400;\">&#8211;<\/span> <span style=\"font-weight: 400;\">Informaci\u00f3n de usuario registrado.<\/span><span style=\"font-weight: 400;\"><br \/><\/span><span style=\"font-weight: 400;\"><br \/><\/span><span style=\"font-weight: 400;\">Los datos se conservar\u00e1n durante el plazo de vigencia del contrato que habilita el uso como usuario registrado y durante los 6 a\u00f1os posteriores al ser el plazo obligatorio de conservaci\u00f3n de la documentaci\u00f3n mercantil exigida por el c\u00f3digo de comercio<\/span><span style=\"font-weight: 400;\"><br \/><\/span><span style=\"font-weight: 400;\"><br \/><\/span><span style=\"font-weight: 400;\">&#8211; <\/span> <span style=\"font-weight: 400;\">informaci\u00f3n para enviarle comunicaciones comerciales<\/span><span style=\"font-weight: 400;\"><br \/><\/span><span style=\"font-weight: 400;\"><br \/><\/span><span style=\"font-weight: 400;\">Los datos personales que Ud. nos env\u00eda al rellenar el formulario de solicitud de demostraci\u00f3n se conservar\u00e1n con objeto de poder realizar el env\u00edo de comunicaciones comerciales, hasta que no revoque su consentimiento, y por un plazo m\u00e1ximo de 5 a\u00f1os, sin perjuicio de la interposici\u00f3n de cualquiera de los derechos correspondientes que puede ejercer.<\/span><span style=\"font-weight: 400;\"><br \/><\/span><\/p>\n<h4><b>\u00bfCu\u00e1l es la legitimaci\u00f3n para el tratamiento de sus datos?<\/b><\/h4>\n<p><span style=\"font-weight: 400;\">En el caso de que tengamos los datos como Usuarios no registrados en nuestra p\u00e1gina web, la base legal del tratamiento ser\u00e1 el Inter\u00e9s leg\u00edtimo del responsable para la gesti\u00f3n de nuestra p\u00e1gina web, as\u00ed como para atender sus peticiones y\/o solicitudes de informaci\u00f3n a trav\u00e9s de nuestro formulario de contacto. Respecto al env\u00edo de comunicaciones comerciales sobre nuestros productos y\/o servicios, la base legal es el consentimiento que usted nos ha otorgado, el cual podr\u00e1 revocar en cualquier momento.<\/span><span style=\"font-weight: 400;\"><br \/><\/span><span style=\"font-weight: 400;\"> <\/span><\/p>\n<h4><b>\u00bfA qu\u00e9 destinatarios se comunicar\u00e1n sus datos?<\/b><\/h4>\n<p><span style=\"font-weight: 400;\">Sus datos no se ceder\u00e1n a terceros, excepto cuando exista obligaci\u00f3n legal de hacerlo, en particular, en los siguientes casos:<\/span><span style=\"font-weight: 400;\"><br \/><\/span><span style=\"font-weight: 400;\"><br \/><\/span><span style=\"font-weight: 400;\">&#8211;<\/span> <span style=\"font-weight: 400;\">A Jueces y Tribunales, en cumplimiento de requerimientos, obligaciones legales o en el marco de un procedimiento judicial; <\/span> <span style=\"font-weight: 400;\"><br \/><\/span><span style=\"font-weight: 400;\">&#8211; <\/span> <span style=\"font-weight: 400;\">A la Agencia Tributaria, para el cumplimiento de las obligaciones fiscales; <\/span> <span style=\"font-weight: 400;\"><br \/><\/span><span style=\"font-weight: 400;\">&#8211;<\/span> <span style=\"font-weight: 400;\">A Auditores Financieros para el cumplimiento de las obligaciones financieras;<\/span><span style=\"font-weight: 400;\"><br \/><\/span><span style=\"font-weight: 400;\">&#8211;<\/span> <span style=\"font-weight: 400;\">y a otros terceros a quienes, en virtud de la normativa vigente aplicable en cada caso, sea obligatorio llevar a cabo la cesi\u00f3n, tal como \u00f3rganos de la Administraci\u00f3n competentes por motivos de control, registro e inspecci\u00f3n.<\/span><span style=\"font-weight: 400;\"><br \/><\/span><span style=\"font-weight: 400;\"><br \/><\/span><span style=\"font-weight: 400;\"><br \/><\/span><span style=\"font-weight: 400;\">No obstante, si en alg\u00fan momento de la relaci\u00f3n comercial fuera necesario comunicar sus datos a cualquier otro tercero no contemplado en los supuestos anteriores, dicha comunicaci\u00f3n se realizar\u00e1 cuando contemos con su consentimiento previo para ello, y en la forma legalmente prevista.<\/span><span style=\"font-weight: 400;\"><br \/><\/span><span style=\"font-weight: 400;\"><br \/><\/span><span style=\"font-weight: 400;\">Adem\u00e1s, como consecuencia de los servicios que nos prestan, determinados proveedores podr\u00edan tener acceso a sus datos personales (como encargados de tratamiento), el cual se realiza siempre con las garant\u00edas adecuadas y de acuerdo con la normativa establecida por el RGPD, en virtud de los contratos de encargado de tratamiento firmados con estos. <\/span><\/p>\n<h4><b>\u00bfExisten trasferencias Internacionales de datos?<\/b><\/h4>\n<p><span style=\"font-weight: 400;\">No existen trasferencias internacionales de datos. <\/span><b><\/b><\/p>\n<h4><b>\u00bfCu\u00e1les son sus derechos cuando nos facilitan sus datos?<\/b><\/h4>\n<p><span style=\"font-weight: 400;\">Las personas interesadas tienen derecho a dirigirse a la direcci\u00f3n que se indica en el apartado Responsable del tratamiento, acompa\u00f1ando en cualquier caso copia del documento que acredite su identidad, para acceder a sus datos personales, as\u00ed como solicitar la rectificaci\u00f3n de los datos inexactos o, en su caso, solicitar su supresi\u00f3n cuando, entre otros motivos, los datos ya no sean necesarios para los fines que fueron recogidos; pudiendo ejercer igualmente su derecho a la portabilidad de sus datos.<\/span><span style=\"font-weight: 400;\"><br \/><\/span><span style=\"font-weight: 400;\"><br \/><\/span><span style=\"font-weight: 400;\">Los derechos que podr\u00e1 ejercitar con respecto al tratamiento de sus datos personales son:<\/span><span style=\"font-weight: 400;\"><br \/><\/span><span style=\"font-weight: 400;\"><br \/><\/span> <span style=\"font-weight: 400;\">1 Acceso: tendr\u00e1 Ud. derecho a conocer si estamos tratando sus datos personales, as\u00ed como los fines de dicho tratamiento, las categor\u00edas de datos personales, los destinatarios a los que se comuniquen sus datos, el plazo de conservaci\u00f3n de los mismos, as\u00ed como la informaci\u00f3n disponible sobre la fuente de obtenci\u00f3n de los mismos.<\/span><span style=\"font-weight: 400;\"><br \/><\/span><span style=\"font-weight: 400;\"><br \/><\/span> <span style=\"font-weight: 400;\">2. Rectificaci\u00f3n: de los datos inexactos.<\/span><span style=\"font-weight: 400;\"><br \/><\/span><span style=\"font-weight: 400;\"><br \/><\/span> <span style=\"font-weight: 400;\">3. Supresi\u00f3n (derecho al olvido): cuando, entre otros motivos, los datos ya no sean necesarios para los fines que fueron recogidos.<\/span><span style=\"font-weight: 400;\"><br \/><\/span><span style=\"font-weight: 400;\"><br \/><\/span> <span style=\"font-weight: 400;\">4. Limitaci\u00f3n: cuando se impugne la exactitud de los datos, durante el plazo de verificaci\u00f3n de los mismos, cuando sean necesarios para el ejercicio o defensa de reclamaciones; o cuando se oponga el interesado a la supresi\u00f3n de los mismos, o al tratamiento de estos, mientras se verifica la existencia de inter\u00e9s leg\u00edtimo.<\/span><span style=\"font-weight: 400;\"><br \/><\/span><span style=\"font-weight: 400;\"><br \/><\/span> <span style=\"font-weight: 400;\">5. Portabilidad de sus datos: tendr\u00e1 derecho a recibir sus datos en un formato estructurado, de uso com\u00fan y lectura mec\u00e1nica, y a transmitir los mismos a otro responsable.<\/span><span style=\"font-weight: 400;\"><br \/><\/span><span style=\"font-weight: 400;\"><br \/><\/span> <span style=\"font-weight: 400;\">6. Oposici\u00f3n: tendr\u00e1 derecho a oponerse en cualquier momento, por motivos relacionados con su situaci\u00f3n particular, al tratamiento de sus datos con base en un inter\u00e9s p\u00fablico o leg\u00edtimo del responsable; tras lo que dejar\u00e1n de tratarse los datos, salvo por motivos leg\u00edtimos imperiosos, o el ejercicio o la defensa de posibles reclamaciones.<\/span><span style=\"font-weight: 400;\"><br \/><\/span><span style=\"font-weight: 400;\"><br \/><\/span> <span style=\"font-weight: 400;\">7. Decisiones individuales automatizadas: tendr\u00e1 derecho a no ser objeto de una decisi\u00f3n basada \u00fanicamente en el tratamiento automatizado, incluida la elaboraci\u00f3n de perfiles, pudiendo solicitar intervenci\u00f3n humana en los casos legalmente previstos.<\/span><span style=\"font-weight: 400;\"><br \/><\/span><span style=\"font-weight: 400;\"><br \/><\/span><span style=\"font-weight: 400;\">Finalmente, de acuerdo con los t\u00e9rminos establecidos en la legislaci\u00f3n vigente, puede Ud. revocar en cualquier momento los consentimientos que nos haya facilitado. Adem\u00e1s, si considera que sus datos no han sido tratados conforme a la normativa vigente, puede presentar una denuncia ante la Agencia Espa\u00f1ola de Protecci\u00f3n de Datos, a trav\u00e9s de: https:\/\/sedeagpd.gob.es\/sede-electronica web\/vistas\/formSpam\/spamDenuncia.jsf<\/span><\/p>\n\t\t\t\t\t\t\t\t<\/div>\n\t\t\t\t<\/div>\n\t\t\t\t\t<\/div>\n\t\t<\/div>\n\t\t\t\t\t<\/div>\n\t\t<\/section>\n\t\t\t\t<\/div>\n\t\t","protected":false},"excerpt":{"rendered":"<p>POL\u00cdTICA DE USO DE COOKIES PRIVACY POLICY Su privacidad es muy importante para nosotros, por lo que nos esforzamos por cumplir de manera diligente toda la normativa sobre Protecci\u00f3n de Datos de Car\u00e1cter Personal. Esta Pol\u00edtica de Privacidad le servir\u00e1 para conocer c\u00f3mo y con qu\u00e9 fines tratamos o cedemos su informaci\u00f3n, as\u00ed como por &#8230; <a title=\"Privacy Policy\" class=\"read-more\" href=\"https:\/\/ugochan.com\/en\/privacy-policy\/\" aria-label=\"Read more about Privacy Policy\">Read more<\/a><\/p>\n","protected":false},"author":1,"featured_media":0,"parent":0,"menu_order":0,"comment_status":"closed","ping_status":"closed","template":"elementor_header_footer","meta":{"footnotes":""},"class_list":["post-3330","page","type-page","status-publish"],"yoast_head":"<!-- This site is optimized with the Yoast SEO plugin v27.2 - https:\/\/yoast.com\/product\/yoast-seo-wordpress\/ -->\n<title>Privacy Policy - Ugo Chan<\/title>\n<meta name=\"robots\" content=\"noindex, nofollow\" \/>\n<meta property=\"og:locale\" content=\"en_US\" \/>\n<meta property=\"og:type\" content=\"article\" \/>\n<meta property=\"og:title\" content=\"Privacy Policy - Ugo Chan\" \/>\n<meta property=\"og:description\" content=\"POL\u00cdTICA DE USO DE COOKIES PRIVACY POLICY Su privacidad es muy importante para nosotros, por lo que nos esforzamos por cumplir de manera diligente toda la normativa sobre Protecci\u00f3n de Datos de Car\u00e1cter Personal. Esta Pol\u00edtica de Privacidad le servir\u00e1 para conocer c\u00f3mo y con qu\u00e9 fines tratamos o cedemos su informaci\u00f3n, as\u00ed como por ... Read more\" \/>\n<meta property=\"og:url\" content=\"https:\/\/ugochan.com\/en\/privacy-policy\/\" \/>\n<meta property=\"og:site_name\" content=\"Ugo Chan\" \/>\n<meta property=\"article:publisher\" content=\"https:\/\/www.facebook.com\/ugochanmadrid\/\" \/>\n<meta property=\"article:modified_time\" content=\"2023-02-16T12:31:07+00:00\" \/>\n<meta property=\"og:image\" content=\"https:\/\/ugochan.com\/wp-content\/uploads\/page-0001.jpg\" \/>\n\t<meta property=\"og:image:width\" content=\"1800\" \/>\n\t<meta property=\"og:image:height\" content=\"1013\" \/>\n\t<meta property=\"og:image:type\" content=\"image\/jpeg\" \/>\n<meta name=\"twitter:card\" content=\"summary_large_image\" \/>\n<meta name=\"twitter:site\" content=\"@ugochanmadrid\" \/>\n<meta name=\"twitter:label1\" content=\"Est. reading time\" \/>\n\t<meta name=\"twitter:data1\" content=\"7 minutes\" \/>\n<script type=\"application\/ld+json\" class=\"yoast-schema-graph\">{\"@context\":\"https:\/\/schema.org\",\"@graph\":[{\"@type\":\"WebPage\",\"@id\":\"https:\/\/ugochan.com\/en\/privacy-policy\/\",\"url\":\"https:\/\/ugochan.com\/en\/privacy-policy\/\",\"name\":\"Privacy Policy - Ugo Chan\",\"isPartOf\":{\"@id\":\"https:\/\/ugochan.com\/en\/#website\"},\"datePublished\":\"2022-04-06T14:57:32+00:00\",\"dateModified\":\"2023-02-16T12:31:07+00:00\",\"breadcrumb\":{\"@id\":\"https:\/\/ugochan.com\/en\/privacy-policy\/#breadcrumb\"},\"inLanguage\":\"en-US\",\"potentialAction\":[{\"@type\":\"ReadAction\",\"target\":[\"https:\/\/ugochan.com\/en\/privacy-policy\/\"]}]},{\"@type\":\"BreadcrumbList\",\"@id\":\"https:\/\/ugochan.com\/en\/privacy-policy\/#breadcrumb\",\"itemListElement\":[{\"@type\":\"ListItem\",\"position\":1,\"name\":\"Portada\",\"item\":\"https:\/\/ugochan.com\/en\/\"},{\"@type\":\"ListItem\",\"position\":2,\"name\":\"Privacy Policy\"}]},{\"@type\":\"WebSite\",\"@id\":\"https:\/\/ugochan.com\/en\/#website\",\"url\":\"https:\/\/ugochan.com\/en\/\",\"name\":\"Ugo Chan\",\"description\":\"Valoramos lo ef\u00edmero, disfrutamos del camino\",\"publisher\":{\"@id\":\"https:\/\/ugochan.com\/en\/#organization\"},\"alternateName\":\"Restaurante Ugo Chan\",\"potentialAction\":[{\"@type\":\"SearchAction\",\"target\":{\"@type\":\"EntryPoint\",\"urlTemplate\":\"https:\/\/ugochan.com\/en\/?s={search_term_string}\"},\"query-input\":{\"@type\":\"PropertyValueSpecification\",\"valueRequired\":true,\"valueName\":\"search_term_string\"}}],\"inLanguage\":\"en-US\"},{\"@type\":\"Organization\",\"@id\":\"https:\/\/ugochan.com\/en\/#organization\",\"name\":\"Restaurante Ugo Chan\",\"url\":\"https:\/\/ugochan.com\/en\/\",\"logo\":{\"@type\":\"ImageObject\",\"inLanguage\":\"en-US\",\"@id\":\"https:\/\/ugochan.com\/en\/#\/schema\/logo\/image\/\",\"url\":\"https:\/\/ugochan.com\/wp-content\/uploads\/cropped-ugo-ico.png\",\"contentUrl\":\"https:\/\/ugochan.com\/wp-content\/uploads\/cropped-ugo-ico.png\",\"width\":512,\"height\":512,\"caption\":\"Restaurante Ugo Chan\"},\"image\":{\"@id\":\"https:\/\/ugochan.com\/en\/#\/schema\/logo\/image\/\"},\"sameAs\":[\"https:\/\/www.facebook.com\/ugochanmadrid\/\",\"https:\/\/x.com\/ugochanmadrid\",\"https:\/\/www.instagram.com\/ugo.chan\/\"]}]}<\/script>\n<!-- \/ Yoast SEO plugin. -->","yoast_head_json":{"title":"Privacy Policy - Ugo Chan","robots":{"index":"noindex","follow":"nofollow"},"og_locale":"en_US","og_type":"article","og_title":"Privacy Policy - Ugo Chan","og_description":"POL\u00cdTICA DE USO DE COOKIES PRIVACY POLICY Su privacidad es muy importante para nosotros, por lo que nos esforzamos por cumplir de manera diligente toda la normativa sobre Protecci\u00f3n de Datos de Car\u00e1cter Personal. Esta Pol\u00edtica de Privacidad le servir\u00e1 para conocer c\u00f3mo y con qu\u00e9 fines tratamos o cedemos su informaci\u00f3n, as\u00ed como por ... Read more","og_url":"https:\/\/ugochan.com\/en\/privacy-policy\/","og_site_name":"Ugo Chan","article_publisher":"https:\/\/www.facebook.com\/ugochanmadrid\/","article_modified_time":"2023-02-16T12:31:07+00:00","og_image":[{"width":1800,"height":1013,"url":"https:\/\/ugochan.com\/wp-content\/uploads\/page-0001.jpg","type":"image\/jpeg"}],"twitter_card":"summary_large_image","twitter_site":"@ugochanmadrid","twitter_misc":{"Est. reading time":"7 minutes"},"schema":{"@context":"https:\/\/schema.org","@graph":[{"@type":"WebPage","@id":"https:\/\/ugochan.com\/en\/privacy-policy\/","url":"https:\/\/ugochan.com\/en\/privacy-policy\/","name":"Privacy Policy - Ugo Chan","isPartOf":{"@id":"https:\/\/ugochan.com\/en\/#website"},"datePublished":"2022-04-06T14:57:32+00:00","dateModified":"2023-02-16T12:31:07+00:00","breadcrumb":{"@id":"https:\/\/ugochan.com\/en\/privacy-policy\/#breadcrumb"},"inLanguage":"en-US","potentialAction":[{"@type":"ReadAction","target":["https:\/\/ugochan.com\/en\/privacy-policy\/"]}]},{"@type":"BreadcrumbList","@id":"https:\/\/ugochan.com\/en\/privacy-policy\/#breadcrumb","itemListElement":[{"@type":"ListItem","position":1,"name":"Portada","item":"https:\/\/ugochan.com\/en\/"},{"@type":"ListItem","position":2,"name":"Privacy Policy"}]},{"@type":"WebSite","@id":"https:\/\/ugochan.com\/en\/#website","url":"https:\/\/ugochan.com\/en\/","name":"Ugo Chan","description":"Valoramos lo ef\u00edmero, disfrutamos del camino","publisher":{"@id":"https:\/\/ugochan.com\/en\/#organization"},"alternateName":"Restaurante Ugo Chan","potentialAction":[{"@type":"SearchAction","target":{"@type":"EntryPoint","urlTemplate":"https:\/\/ugochan.com\/en\/?s={search_term_string}"},"query-input":{"@type":"PropertyValueSpecification","valueRequired":true,"valueName":"search_term_string"}}],"inLanguage":"en-US"},{"@type":"Organization","@id":"https:\/\/ugochan.com\/en\/#organization","name":"Restaurante Ugo Chan","url":"https:\/\/ugochan.com\/en\/","logo":{"@type":"ImageObject","inLanguage":"en-US","@id":"https:\/\/ugochan.com\/en\/#\/schema\/logo\/image\/","url":"https:\/\/ugochan.com\/wp-content\/uploads\/cropped-ugo-ico.png","contentUrl":"https:\/\/ugochan.com\/wp-content\/uploads\/cropped-ugo-ico.png","width":512,"height":512,"caption":"Restaurante Ugo Chan"},"image":{"@id":"https:\/\/ugochan.com\/en\/#\/schema\/logo\/image\/"},"sameAs":["https:\/\/www.facebook.com\/ugochanmadrid\/","https:\/\/x.com\/ugochanmadrid","https:\/\/www.instagram.com\/ugo.chan\/"]}]}},"_links":{"self":[{"href":"https:\/\/ugochan.com\/en\/wp-json\/wp\/v2\/pages\/3330","targetHints":{"allow":["GET"]}}],"collection":[{"href":"https:\/\/ugochan.com\/en\/wp-json\/wp\/v2\/pages"}],"about":[{"href":"https:\/\/ugochan.com\/en\/wp-json\/wp\/v2\/types\/page"}],"author":[{"embeddable":true,"href":"https:\/\/ugochan.com\/en\/wp-json\/wp\/v2\/users\/1"}],"replies":[{"embeddable":true,"href":"https:\/\/ugochan.com\/en\/wp-json\/wp\/v2\/comments?post=3330"}],"version-history":[{"count":11,"href":"https:\/\/ugochan.com\/en\/wp-json\/wp\/v2\/pages\/3330\/revisions"}],"predecessor-version":[{"id":4437,"href":"https:\/\/ugochan.com\/en\/wp-json\/wp\/v2\/pages\/3330\/revisions\/4437"}],"wp:attachment":[{"href":"https:\/\/ugochan.com\/en\/wp-json\/wp\/v2\/media?parent=3330"}],"curies":[{"name":"wp","href":"https:\/\/api.w.org\/{rel}","templated":true}]}}